{"id":5809,"date":"2023-07-22T09:18:00","date_gmt":"2023-07-22T13:18:00","guid":{"rendered":"https:\/\/pga.sunlightchurch.com\/?page_id=5809"},"modified":"2023-11-27T13:29:31","modified_gmt":"2023-11-27T18:29:31","slug":"church-governance","status":"publish","type":"page","link":"https:\/\/pga.sunlightchurch.com\/es\/about\/church-governance\/","title":{"rendered":"Gobernanza de la Iglesia"},"content":{"rendered":"<div data-elementor-type=\"wp-page\" data-elementor-id=\"5809\" class=\"elementor elementor-5809\" data-elementor-post-type=\"page\">\n\t\t\t\t\t\t<section class=\"elementor-section elementor-top-section elementor-element elementor-element-c991f06 elementor-section-boxed elementor-section-height-default elementor-section-height-default\" data-id=\"c991f06\" data-element_type=\"section\" data-e-type=\"section\">\n\t\t\t\t\t\t<div class=\"elementor-container elementor-column-gap-default\">\n\t\t\t\t\t<div class=\"elementor-column elementor-col-100 elementor-top-column elementor-element elementor-element-6ce2be4\" data-id=\"6ce2be4\" data-element_type=\"column\" data-e-type=\"column\">\n\t\t\t<div class=\"elementor-widget-wrap elementor-element-populated\">\n\t\t\t\t\t\t<div class=\"elementor-element elementor-element-f1c921a elementor-widget elementor-widget-image\" data-id=\"f1c921a\" data-element_type=\"widget\" data-e-type=\"widget\" data-widget_type=\"image.default\">\n\t\t\t\t<div class=\"elementor-widget-container\">\n\t\t\t\t\t\t\t\t\t\t\t\t\t\t\t<img fetchpriority=\"high\" decoding=\"async\" width=\"768\" height=\"432\" src=\"https:\/\/pga.sunlightchurch.com\/wp-content\/uploads\/2023\/07\/cong-meeting-tings.001-768x432.jpeg\" class=\"attachment-medium_large size-medium_large wp-image-5811\" alt=\"\" srcset=\"https:\/\/pga.sunlightchurch.com\/wp-content\/uploads\/2023\/07\/cong-meeting-tings.001-768x432.jpeg 768w, https:\/\/pga.sunlightchurch.com\/wp-content\/uploads\/2023\/07\/cong-meeting-tings.001-300x169.jpeg 300w, https:\/\/pga.sunlightchurch.com\/wp-content\/uploads\/2023\/07\/cong-meeting-tings.001-1024x576.jpeg 1024w, https:\/\/pga.sunlightchurch.com\/wp-content\/uploads\/2023\/07\/cong-meeting-tings.001.jpeg 1200w\" sizes=\"(max-width: 768px) 100vw, 768px\" \/>\t\t\t\t\t\t\t\t\t\t\t\t\t\t\t<\/div>\n\t\t\t\t<\/div>\n\t\t\t\t<div class=\"elementor-element elementor-element-a1d8f83 elementor-widget elementor-widget-heading\" data-id=\"a1d8f83\" data-element_type=\"widget\" data-e-type=\"widget\" data-widget_type=\"heading.default\">\n\t\t\t\t<div class=\"elementor-widget-container\">\n\t\t\t\t\t<h1 class=\"elementor-heading-title elementor-size-xl\">Estructura de la iglesia<\/h1>\t\t\t\t<\/div>\n\t\t\t\t<\/div>\n\t\t\t\t<div class=\"elementor-element elementor-element-d065b40 elementor-widget elementor-widget-text-editor\" data-id=\"d065b40\" data-element_type=\"widget\" data-e-type=\"widget\" data-widget_type=\"text-editor.default\">\n\t\t\t\t<div class=\"elementor-widget-container\">\n\t\t\t\t\t\t\t\t\t<h2 style=\"text-align: center;\">Todo lo que necesita saber sobre los ancianos, el consejo y el gobierno de la iglesia.<\/h2>\t\t\t\t\t\t\t\t<\/div>\n\t\t\t\t<\/div>\n\t\t\t\t<div class=\"elementor-element elementor-element-9f30027 elementor-widget elementor-widget-text-editor\" data-id=\"9f30027\" data-element_type=\"widget\" data-e-type=\"widget\" data-widget_type=\"text-editor.default\">\n\t\t\t\t<div class=\"elementor-widget-container\">\n\t\t\t\t\t\t\t\t\t<h2><span style=\"font-weight: 400; color: #000000;\">\u00bfDe qu\u00e9 denominaci\u00f3n forma parte Sunlight?<\/span><\/h2><p><span style=\"font-weight: 400; color: #000000;\">Sunlight Community Church pertenece a la Iglesia Cristiana Reformada de Am\u00e9rica del Norte. La Iglesia Cristiana Reformada (CRC) incluye poco m\u00e1s de mil congregaciones en todo Estados Unidos y Canad\u00e1.\u00a0\u00a0<\/span><\/p><h2><span style=\"font-weight: 400; color: #000000;\">\u00a0<\/span><\/h2><h2><span style=\"font-weight: 400; color: #000000;\">\u00bfQu\u00e9 autoridad tiene la Iglesia Cristiana Reformada sobre la luz del sol?\u00a0\u00a0<\/span><\/h2><p><span style=\"font-weight: 400; color: #000000;\">La denominaci\u00f3n cristiana reformada es algo \u00fanica en el sentido de que no emplea una estructura jer\u00e1rquica de gobierno. M\u00e1s bien, la CDN considera que cada consejo de la iglesia local es el nivel m\u00e1s alto de autoridad en esa iglesia. La convicci\u00f3n de nuestra denominaci\u00f3n es que cada iglesia local es una iglesia de Cristo completa, totalmente equipada con todo lo necesario para su propio gobierno.\u00a0\u00a0<\/span><\/p><p>\u00a0<\/p><p><span style=\"font-weight: 400; color: #000000;\">Las asambleas m\u00e1s amplias de nuestra denominaci\u00f3n (llamadas \u201cClassis\u201d a nivel regional y \u201cs\u00ednodo\u201d a nivel nacional) no se consideran autoridades superiores, sino autoridades m\u00e1s generales. Por lo tanto, el \u201cClassis\u201d y el \u201cS\u00ednodo\u201d no pueden imponer lo que quieran a una iglesia local, ni pueden inmiscuirse en los asuntos internos. Sin embargo, las iglesias locales como Sunlight tienen limitaciones en el sentido de que acuerdan mutuamente afiliarse al conjunto. Ninguna iglesia tiene el derecho de ignorar asuntos de mutuo acuerdo, doctrina e inter\u00e9s com\u00fan.\u00a0\u00a0<\/span><\/p><h2><span style=\"font-weight: 400; color: #000000;\">\u00a0<\/span><\/h2><h2><span style=\"font-weight: 400; color: #000000;\">\u00bfQu\u00e9 forma de gobierno eclesi\u00e1stico tiene Sunlight Community Church?<\/span><\/h2><p><span style=\"font-weight: 400; color: #000000;\">Sunlight Community Church tiene una forma presbiteriana de gobierno eclesi\u00e1stico. La palabra presbiteriano deriva de la palabra griega presbuteros, que significa \u201canciano\u201d. En una forma de gobierno presbiteriano, la iglesia est\u00e1 dirigida por un consejo de ancianos. El sistema presbiteriano se distingue de otras dos formas comunes de gobierno de la iglesia: el sistema episcopal y el sistema congregacional. El sistema episcopal es similar a una monarqu\u00eda en el sentido de que toda la autoridad de la iglesia se otorga a un solo obispo o papa. El punto fuerte de este sistema es la eficiencia; su debilidad es la rendici\u00f3n de cuentas (ya que existe potencial de peligro cuando s\u00f3lo una persona ejerce el poder exclusivo). El sistema congregacional, por otra parte, funciona como una democracia pura.   En el sistema congregacional, todas las decisiones, tanto grandes como peque\u00f1as, se toman mediante una mayor\u00eda simple de votos de los miembros. La fortaleza del sistema congregacional es la rendici\u00f3n de cuentas; sin embargo, su debilidad es la eficiencia (debido a que resulta engorroso tener que votar sobre cada asunto).\u00a0<\/span><\/p><p>\u00a0<\/p><p><span style=\"font-weight: 400; color: #000000;\">En Sunlight, creemos que el sistema presbiteriano no s\u00f3lo logra el equilibrio adecuado entre responsabilidad y eficiencia, sino que tambi\u00e9n creemos que esta estructura es b\u00edblicamente preferible. Parece claro que el gobierno de la iglesia descrito y comisionado en la iglesia primitiva estaba marcado por una pluralidad de ancianos (Tito 1:5-7; 1 Timoteo 3:1-7; Hechos 11:30; 14:23; 20:17- 18). Aunque Sunlight cree y emplea una forma presbiteriana de gobierno, de ninguna manera no insistimos en que todas las dem\u00e1s iglesias sean como la nuestra, sino que reconocemos la rica historia y el valor continuo de las iglesias que se adhieren a otros sistemas de liderazgo.\u00a0\u00a0<\/span><\/p><h2><span style=\"font-weight: 400; color: #000000;\">\u00a0<\/span><\/h2><h2><span style=\"font-weight: 400; color: #000000;\">\u00bfEs el gobierno de la iglesia de Sunlight t\u00edpico de la Iglesia Cristiana Reformada?<\/span><\/h2><p><span style=\"font-weight: 400; color: #000000;\">Nuestra iglesia es \u00fanica debido a nuestra misi\u00f3n \u00fanica. De hecho, fuimos una de las primeras iglesias de nuestra denominaci\u00f3n en contener m\u00faltiples congregaciones en m\u00faltiples ubicaciones. Debido a que nuestra iglesia tiene m\u00faltiples congregaciones dentro de ella, nuestro consejo eclesi\u00e1stico debe representar y supervisar el \u201cpanorama general\u201d en lugar de simplemente las necesidades individuales de una sola congregaci\u00f3n local. Reconocemos que el orden eclesi\u00e1stico de la CRC, tal como existe ahora, no ha imaginado una iglesia con las necesidades de liderazgo que tenemos actualmente y que anticipamos seguir adelante. Sin embargo, creemos que nuestro modelo de liderazgo honra los principios de gobierno de la iglesia de la CDN y, sin embargo, tambi\u00e9n sirve a nuestra misi\u00f3n local. Aunque fuimos los primeros en ser pioneros en la estructura de nuestra iglesia dentro de nuestra denominaci\u00f3n, ahora estamos sirviendo como modelo para otras iglesias de la ICR que est\u00e1n llevando a cabo ministerios similares.\u00a0\u00a0<\/span><\/p><h2><span style=\"font-weight: 400; color: #000000;\">\u00a0<\/span><\/h2><h2><span style=\"font-weight: 400; color: #000000;\">\u00bfCu\u00e1l es el papel del consejo de la iglesia?<\/span><\/h2><p><span style=\"font-weight: 400; color: #000000;\">El consejo eclesi\u00e1stico es el organismo eclesi\u00e1sticamente reconocido seg\u00fan el Orden Eclesi\u00e1stico de la CDN. Es responsable de liderar los ministerios m\u00e1s amplios de Sunlight Community Church, incluidas todas las iglesias plantadas y las congregaciones desarrolladas. Tiene autoridad total y final en todos los asuntos.\u00a0\u00a0<\/span><\/p><h2><span style=\"font-weight: 400; color: #000000;\">\u00a0<\/span><\/h2><h2><span style=\"font-weight: 400; color: #000000;\">\u00bfQu\u00e9 tama\u00f1o tiene el consejo de la iglesia de Sunlight?<\/span><\/h2><p><span style=\"font-weight: 400; color: #000000;\">El consejo de la iglesia normalmente est\u00e1 compuesto por 5 a 7 miembros.   Hemos descubierto que este tama\u00f1o es \u00f3ptimo porque es lo suficientemente grande como para permitir una variedad de puntos de vista y al mismo tiempo lo suficientemente peque\u00f1o como para fomentar una comunicaci\u00f3n franca.\u00a0\u00a0<\/span><\/p><p>\u00a0<\/p><h2><span style=\"font-weight: 400; color: #000000;\">\u00a0<\/span><\/h2><h2><span style=\"font-weight: 400; color: #000000;\">\u00bfC\u00f3mo se eligen para servir los miembros del consejo de la iglesia?<\/span><\/h2><p>\u00a0<\/p><p><span style=\"font-weight: 400; color: #000000;\">Cuando ocurre una vacante en el consejo de la iglesia, el consejo mismo, despu\u00e9s de buscar sugerencias de la congregaci\u00f3n, nomina a personas que cumplen con la lista de calificaciones b\u00edblicas (ver 1 Timoteo 3) y cuya experiencia satisface las necesidades de liderazgo de este consejo. Antes de ordenar al candidato al cargo de anciano, el consejo de la iglesia buscar\u00e1 la opini\u00f3n de los miembros de la iglesia para asegurarse de que no haya ning\u00fan impedimento para su servicio. Si hubiera varios nominados para el mismo puesto, el consejo buscar\u00e1 la opini\u00f3n de todos los miembros adultos mediante una votaci\u00f3n de toda la iglesia.\u00a0\u00a0<\/span><\/p><h2>\u00a0<\/h2><h2><span style=\"font-weight: 400; color: #000000;\">\u00bfCu\u00e1nto duran los t\u00e9rminos de servicio de los miembros del consejo?<\/span><\/h2><p>\u00a0<\/p><p><span style=\"font-weight: 400; color: #000000;\">Los miembros del consejo de la iglesia normalmente servir\u00e1n por un per\u00edodo de cinco a\u00f1os, pero pueden servir t\u00e9rminos consecutivos si el consejo lo considera apropiado. El Pastor Principal de Sunlight es el \u00fanico miembro permanente de este consejo y act\u00faa como su presidente.\u00a0\u00a0<\/span><\/p><p>\u00a0<\/p><h2><span style=\"font-weight: 400; color: #000000;\">\u00a0<\/span><\/h2><h2><span style=\"font-weight: 400; color: #000000;\">\u00bfQui\u00e9n supervisa y dirige cada congregaci\u00f3n individual?\u00a0<\/span><\/h2><p>\u00a0<\/p><p><span style=\"font-weight: 400; color: #000000;\">Para cada congregaci\u00f3n, el consejo de la iglesia selecciona un pastor para que act\u00fae como pastor principal del campus. Este pastor del campus tiene la responsabilidad cada a\u00f1o de seleccionar un Equipo de Liderazgo del Campus (CLT), normalmente de no m\u00e1s de 7 miembros. Los miembros de cada equipo de liderazgo del campus son revisados y aprobados por el consejo de la iglesia. El CLT es responsable de todos los aspectos del ministerio de su respectiva congregaci\u00f3n.\u00a0\u00a0<\/span><\/p><h2><span style=\"font-weight: 400; color: #000000;\">\u00a0<\/span><\/h2><h2><span style=\"font-weight: 400; color: #000000;\">\u00bfC\u00f3mo se eligen los di\u00e1conos?<\/span><\/h2><p>\u00a0<\/p><p><span style=\"font-weight: 400; color: #000000;\">Un estudio de la Biblia revela que los di\u00e1conos fueron nombrados por primera vez en la iglesia primitiva para ayudar a los ancianos en su trabajo. Con este fin, cada CLT selecciona, equipa y capacita a los miembros de la iglesia para llevar a cabo la obra del ministerio (Efesios 4:12). Al hacerlo, cada CLT puede designar miembros para que sirvan como l\u00edderes en \u00e1reas clave del ministerio dentro de cada congregaci\u00f3n. Estos l\u00edderes ministeriales (una vez aprobados tambi\u00e9n por el consejo de la iglesia) servir\u00e1n como di\u00e1conos dentro de cada congregaci\u00f3n. Estos di\u00e1conos l\u00edderes ministeriales son responsables ante sus respectivos equipos de liderazgo universitario y, en \u00faltima instancia, ante el consejo de la iglesia.\u00a0<\/span><\/p><p>\u00a0<\/p>\t\t\t\t\t\t\t\t<\/div>\n\t\t\t\t<\/div>\n\t\t\t\t\t<\/div>\n\t\t<\/div>\n\t\t\t\t\t<\/div>\n\t\t<\/section>\n\t\t\t\t<section class=\"elementor-section elementor-top-section elementor-element elementor-element-1b22c58 elementor-section-boxed elementor-section-height-default elementor-section-height-default\" data-id=\"1b22c58\" data-element_type=\"section\" data-e-type=\"section\">\n\t\t\t\t\t\t<div class=\"elementor-container elementor-column-gap-default\">\n\t\t\t\t\t<div class=\"elementor-column elementor-col-100 elementor-top-column elementor-element elementor-element-0ccf44d\" data-id=\"0ccf44d\" data-element_type=\"column\" data-e-type=\"column\">\n\t\t\t<div class=\"elementor-widget-wrap elementor-element-populated\">\n\t\t\t\t\t\t<div class=\"elementor-element elementor-element-0be66d1 elementor-widget elementor-widget-spacer\" data-id=\"0be66d1\" data-element_type=\"widget\" data-e-type=\"widget\" data-widget_type=\"spacer.default\">\n\t\t\t\t<div class=\"elementor-widget-container\">\n\t\t\t\t\t\t\t<div class=\"elementor-spacer\">\n\t\t\t<div class=\"elementor-spacer-inner\"><\/div>\n\t\t<\/div>\n\t\t\t\t\t\t<\/div>\n\t\t\t\t<\/div>\n\t\t\t\t\t<\/div>\n\t\t<\/div>\n\t\t\t\t\t<\/div>\n\t\t<\/section>\n\t\t\t\t<section class=\"elementor-section elementor-top-section elementor-element elementor-element-15b3eb4 elementor-section-boxed elementor-section-height-default elementor-section-height-default\" data-id=\"15b3eb4\" data-element_type=\"section\" data-e-type=\"section\">\n\t\t\t\t\t\t<div class=\"elementor-container elementor-column-gap-default\">\n\t\t\t\t\t<div class=\"elementor-column elementor-col-100 elementor-top-column elementor-element elementor-element-56b46d9\" data-id=\"56b46d9\" data-element_type=\"column\" data-e-type=\"column\">\n\t\t\t<div class=\"elementor-widget-wrap\">\n\t\t\t\t\t\t\t<\/div>\n\t\t<\/div>\n\t\t\t\t\t<\/div>\n\t\t<\/section>\n\t\t\t\t<\/div>","protected":false},"excerpt":{"rendered":"<p>Church Structure Everything you need to know about elders, council, and church governance. What denomination is Sunlight a part of? Sunlight Community Church belongs to the Christian Reformed Church of\u00a0 [&hellip;]<\/p>","protected":false},"author":2,"featured_media":981,"parent":3890,"menu_order":0,"comment_status":"closed","ping_status":"closed","template":"","meta":{"footnotes":""},"class_list":["post-5809","page","type-page","status-publish","has-post-thumbnail","hentry"],"_links":{"self":[{"href":"https:\/\/pga.sunlightchurch.com\/es\/wp-json\/wp\/v2\/pages\/5809","targetHints":{"allow":["GET"]}}],"collection":[{"href":"https:\/\/pga.sunlightchurch.com\/es\/wp-json\/wp\/v2\/pages"}],"about":[{"href":"https:\/\/pga.sunlightchurch.com\/es\/wp-json\/wp\/v2\/types\/page"}],"author":[{"embeddable":true,"href":"https:\/\/pga.sunlightchurch.com\/es\/wp-json\/wp\/v2\/users\/2"}],"replies":[{"embeddable":true,"href":"https:\/\/pga.sunlightchurch.com\/es\/wp-json\/wp\/v2\/comments?post=5809"}],"version-history":[{"count":5,"href":"https:\/\/pga.sunlightchurch.com\/es\/wp-json\/wp\/v2\/pages\/5809\/revisions"}],"predecessor-version":[{"id":9214,"href":"https:\/\/pga.sunlightchurch.com\/es\/wp-json\/wp\/v2\/pages\/5809\/revisions\/9214"}],"up":[{"embeddable":true,"href":"https:\/\/pga.sunlightchurch.com\/es\/wp-json\/wp\/v2\/pages\/3890"}],"wp:featuredmedia":[{"embeddable":true,"href":"https:\/\/pga.sunlightchurch.com\/es\/wp-json\/wp\/v2\/media\/981"}],"wp:attachment":[{"href":"https:\/\/pga.sunlightchurch.com\/es\/wp-json\/wp\/v2\/media?parent=5809"}],"curies":[{"name":"wp","href":"https:\/\/api.w.org\/{rel}","templated":true}]}}