{"id":2410,"date":"2020-07-31T07:52:33","date_gmt":"2020-07-31T11:52:33","guid":{"rendered":"https:\/\/pga.sunlightchurch.com\/?page_id=2410"},"modified":"2024-11-13T10:42:00","modified_gmt":"2024-11-13T15:42:00","slug":"children","status":"publish","type":"page","link":"https:\/\/pga.sunlightchurch.com\/pt\/ministries\/children\/","title":{"rendered":"Minist\u00e9rios Infantis"},"content":{"rendered":"<div data-elementor-type=\"wp-page\" data-elementor-id=\"2410\" class=\"elementor elementor-2410\" data-elementor-post-type=\"page\">\n\t\t\t\t\t\t<section class=\"elementor-section elementor-top-section elementor-element elementor-element-bcd974d elementor-section-boxed elementor-section-height-default elementor-section-height-default\" data-id=\"bcd974d\" data-element_type=\"section\" data-e-type=\"section\">\n\t\t\t\t\t\t<div class=\"elementor-container elementor-column-gap-default\">\n\t\t\t\t\t<div class=\"elementor-column elementor-col-100 elementor-top-column elementor-element elementor-element-4dae145\" data-id=\"4dae145\" data-element_type=\"column\" data-e-type=\"column\">\n\t\t\t<div class=\"elementor-widget-wrap elementor-element-populated\">\n\t\t\t\t\t\t<div class=\"elementor-element elementor-element-ff39882 elementor-widget elementor-widget-image\" data-id=\"ff39882\" data-element_type=\"widget\" data-e-type=\"widget\" data-widget_type=\"image.default\">\n\t\t\t\t<div class=\"elementor-widget-container\">\n\t\t\t\t\t\t\t\t\t\t\t\t\t\t\t<img fetchpriority=\"high\" decoding=\"async\" width=\"768\" height=\"432\" src=\"https:\/\/pga.sunlightchurch.com\/wp-content\/uploads\/2020\/03\/about.001-768x432.jpeg\" class=\"attachment-medium_large size-medium_large wp-image-695\" alt=\"\" srcset=\"https:\/\/pga.sunlightchurch.com\/wp-content\/uploads\/2020\/03\/about.001-768x432.jpeg 768w, https:\/\/pga.sunlightchurch.com\/wp-content\/uploads\/2020\/03\/about.001-300x169.jpeg 300w, https:\/\/pga.sunlightchurch.com\/wp-content\/uploads\/2020\/03\/about.001-1024x576.jpeg 1024w, https:\/\/pga.sunlightchurch.com\/wp-content\/uploads\/2020\/03\/about.001.jpeg 1200w\" sizes=\"(max-width: 768px) 100vw, 768px\" \/>\t\t\t\t\t\t\t\t\t\t\t\t\t\t\t<\/div>\n\t\t\t\t<\/div>\n\t\t\t\t<div class=\"elementor-element elementor-element-5ba9854 elementor-widget elementor-widget-heading\" data-id=\"5ba9854\" data-element_type=\"widget\" data-e-type=\"widget\" data-widget_type=\"heading.default\">\n\t\t\t\t<div class=\"elementor-widget-container\">\n\t\t\t\t\t<h1 class=\"elementor-heading-title elementor-size-xl\">Minist\u00e9rios Infantis<\/h1>\t\t\t\t<\/div>\n\t\t\t\t<\/div>\n\t\t\t\t<div class=\"elementor-element elementor-element-2722166 elementor-widget elementor-widget-text-editor\" data-id=\"2722166\" data-element_type=\"widget\" data-e-type=\"widget\" data-widget_type=\"text-editor.default\">\n\t\t\t\t<div class=\"elementor-widget-container\">\n\t\t\t\t\t\t\t\t\t<h2><span style=\"color: #000000;\">Parceria com os pais para desenvolver a f\u00e9 de nossos filhos.<\/span><\/h2>\t\t\t\t\t\t\t\t<\/div>\n\t\t\t\t<\/div>\n\t\t\t\t\t<\/div>\n\t\t<\/div>\n\t\t\t\t\t<\/div>\n\t\t<\/section>\n\t\t\t\t<section class=\"elementor-section elementor-top-section elementor-element elementor-element-725b52a4 elementor-section-boxed elementor-section-height-default elementor-section-height-default\" data-id=\"725b52a4\" data-element_type=\"section\" data-e-type=\"section\">\n\t\t\t\t\t\t<div class=\"elementor-container elementor-column-gap-default\">\n\t\t\t\t\t<div class=\"elementor-column elementor-col-100 elementor-top-column elementor-element elementor-element-12f4a291\" data-id=\"12f4a291\" data-element_type=\"column\" data-e-type=\"column\">\n\t\t\t<div class=\"elementor-widget-wrap elementor-element-populated\">\n\t\t\t\t\t\t<div class=\"elementor-element elementor-element-3beea14f elementor-widget elementor-widget-heading\" data-id=\"3beea14f\" data-element_type=\"widget\" data-e-type=\"widget\" data-widget_type=\"heading.default\">\n\t\t\t\t<div class=\"elementor-widget-container\">\n\t\t\t\t\t<h2 class=\"elementor-heading-title elementor-size-default\">Crian\u00e7as da luz solar<\/h2>\t\t\t\t<\/div>\n\t\t\t\t<\/div>\n\t\t\t\t<div class=\"elementor-element elementor-element-7e053384 elementor-widget elementor-widget-text-editor\" data-id=\"7e053384\" data-element_type=\"widget\" data-e-type=\"widget\" data-widget_type=\"text-editor.default\">\n\t\t\t\t<div class=\"elementor-widget-container\">\n\t\t\t\t\t\t\t\t\t<p>Ningu\u00e9m ter\u00e1 mais influ\u00eancia sobre seu filho do que voc\u00ea! Acreditamos que o que acontece em casa \u00e9 mais importante do que o que acontece na igreja. Esperamos poder fazer parceria com voc\u00ea desde o in\u00edcio. Queremos ser seus maiores f\u00e3s, seus maiores apoiadores e seus guias de confian\u00e7a enquanto voc\u00ea cria seu filho para saber o que significa ter um relacionamento pessoal com Jesus Cristo.<\/p><p>\u00a0<\/p><p>O Sunlight Kids se re\u00fane durante cada culto nas manh\u00e3s de domingo e \u00e9 o lugar onde seus filhos estar\u00e3o seguros, se divertir\u00e3o e aprender\u00e3o sobre Jesus no n\u00edvel deles! Crian\u00e7as do nascimento at\u00e9 a 5\u00aa s\u00e9rie t\u00eam experi\u00eancias emocionantes durante cada um de nossos hor\u00e1rios de culto!<\/p><p>\u00a0<\/p><p>Continue rolando para baixo para saber mais sobre Sunlight Kids ou escolha uma op\u00e7\u00e3o abaixo:<\/p>\t\t\t\t\t\t\t\t<\/div>\n\t\t\t\t<\/div>\n\t\t\t\t<div class=\"elementor-element elementor-element-df7f174 elementor-widget elementor-widget-spacer\" data-id=\"df7f174\" data-element_type=\"widget\" data-e-type=\"widget\" data-widget_type=\"spacer.default\">\n\t\t\t\t<div class=\"elementor-widget-container\">\n\t\t\t\t\t\t\t<div class=\"elementor-spacer\">\n\t\t\t<div class=\"elementor-spacer-inner\"><\/div>\n\t\t<\/div>\n\t\t\t\t\t\t<\/div>\n\t\t\t\t<\/div>\n\t\t\t\t<div class=\"elementor-element elementor-element-568832c elementor-widget elementor-widget-heading\" data-id=\"568832c\" data-element_type=\"widget\" data-e-type=\"widget\" data-widget_type=\"heading.default\">\n\t\t\t\t<div class=\"elementor-widget-container\">\n\t\t\t\t\t<h1 class=\"elementor-heading-title elementor-size-xl\">Domingo de manh\u00e3<\/h1>\t\t\t\t<\/div>\n\t\t\t\t<\/div>\n\t\t\t\t<div class=\"elementor-element elementor-element-3a38974 elementor-align-center elementor-widget elementor-widget-button\" data-id=\"3a38974\" data-element_type=\"widget\" data-e-type=\"widget\" data-widget_type=\"button.default\">\n\t\t\t\t<div class=\"elementor-widget-container\">\n\t\t\t\t\t\t\t\t\t<div class=\"elementor-button-wrapper\">\n\t\t\t\t\t<a class=\"elementor-button elementor-button-link elementor-size-sm elementor-animation-float\" href=\"https:\/\/sunlightcc.churchcenter.com\/registrations\/events\/1369487\">\n\t\t\t\t\t\t<span class=\"elementor-button-content-wrapper\">\n\t\t\t\t\t\t\t\t\t<span class=\"elementor-button-text\">Inscreva-se na Igreja Infantil aqui<\/span>\n\t\t\t\t\t<\/span>\n\t\t\t\t\t<\/a>\n\t\t\t\t<\/div>\n\t\t\t\t\t\t\t\t<\/div>\n\t\t\t\t<\/div>\n\t\t\t\t\t<\/div>\n\t\t<\/div>\n\t\t\t\t\t<\/div>\n\t\t<\/section>\n\t\t\t\t<section class=\"elementor-section elementor-top-section elementor-element elementor-element-624b2209 elementor-section-boxed elementor-section-height-default elementor-section-height-default\" data-id=\"624b2209\" data-element_type=\"section\" data-e-type=\"section\">\n\t\t\t\t\t\t<div class=\"elementor-container elementor-column-gap-default\">\n\t\t\t\t\t<div class=\"elementor-column elementor-col-50 elementor-top-column elementor-element elementor-element-21293665\" data-id=\"21293665\" data-element_type=\"column\" data-e-type=\"column\">\n\t\t\t<div class=\"elementor-widget-wrap elementor-element-populated\">\n\t\t\t\t\t\t<div class=\"elementor-element elementor-element-1b837bf1 elementor-widget elementor-widget-text-editor\" data-id=\"1b837bf1\" data-element_type=\"widget\" data-e-type=\"widget\" data-widget_type=\"text-editor.default\">\n\t\t\t\t<div class=\"elementor-widget-container\">\n\t\t\t\t\t\t\t\t\t<p>Sunlight Kid\u2019s Church is a Sunday Morning Experience where kids can have fun, make friends, and find a place to belong. Small group leaders aim to help kids BELIEVE in God and understand what it means to live like a Christian.\u00a0<\/p>\t\t\t\t\t\t\t\t<\/div>\n\t\t\t\t<\/div>\n\t\t\t\t<div class=\"elementor-element elementor-element-891b196 elementor-widget elementor-widget-text-editor\" data-id=\"891b196\" data-element_type=\"widget\" data-e-type=\"widget\" data-widget_type=\"text-editor.default\">\n\t\t\t\t<div class=\"elementor-widget-container\">\n\t\t\t\t\t\t\t\t\t<p>Se for a primeira vez, inscreva-se on-line ou fa\u00e7a a inscri\u00e7\u00e3o pessoalmente no balc\u00e3o.\u00a0<\/p>\t\t\t\t\t\t\t\t<\/div>\n\t\t\t\t<\/div>\n\t\t\t\t\t<\/div>\n\t\t<\/div>\n\t\t\t\t<div class=\"elementor-column elementor-col-50 elementor-top-column elementor-element elementor-element-7a689f7d\" data-id=\"7a689f7d\" data-element_type=\"column\" data-e-type=\"column\">\n\t\t\t<div class=\"elementor-widget-wrap elementor-element-populated\">\n\t\t\t\t\t\t<div class=\"elementor-element elementor-element-9a90f81 elementor-widget elementor-widget-text-editor\" data-id=\"9a90f81\" data-element_type=\"widget\" data-e-type=\"widget\" data-widget_type=\"text-editor.default\">\n\t\t\t\t<div class=\"elementor-widget-container\">\n\t\t\t\t\t\t\t\t\t<p>Nossa creche \u00e9 para crian\u00e7as de 0 a 3 anos.\u00a0<\/p><p>\u00a0<\/p><p>Temos atividades para crian\u00e7as de 4 a 5 anos.\u00a0<\/p><p>We also have classes for our younger kids so they can learn about Jesus!<\/p>\t\t\t\t\t\t\t\t<\/div>\n\t\t\t\t<\/div>\n\t\t\t\t\t<\/div>\n\t\t<\/div>\n\t\t\t\t\t<\/div>\n\t\t<\/section>\n\t\t\t\t<section class=\"elementor-section elementor-top-section elementor-element elementor-element-aabd3b4 elementor-section-boxed elementor-section-height-default elementor-section-height-default\" data-id=\"aabd3b4\" data-element_type=\"section\" data-e-type=\"section\">\n\t\t\t\t\t\t<div class=\"elementor-container elementor-column-gap-default\">\n\t\t\t\t\t<div class=\"elementor-column elementor-col-100 elementor-top-column elementor-element elementor-element-2aeb4ea\" data-id=\"2aeb4ea\" data-element_type=\"column\" data-e-type=\"column\">\n\t\t\t<div class=\"elementor-widget-wrap elementor-element-populated\">\n\t\t\t\t\t\t<div class=\"elementor-element elementor-element-d729497 elementor-widget elementor-widget-heading\" data-id=\"d729497\" data-element_type=\"widget\" data-e-type=\"widget\" data-widget_type=\"heading.default\">\n\t\t\t\t<div class=\"elementor-widget-container\">\n\t\t\t\t\t<h1 class=\"elementor-heading-title elementor-size-xl\">Noites de segunda-feira<\/h1>\t\t\t\t<\/div>\n\t\t\t\t<\/div>\n\t\t\t\t<div class=\"elementor-element elementor-element-5c93fe8 elementor-align-center elementor-widget elementor-widget-button\" data-id=\"5c93fe8\" data-element_type=\"widget\" data-e-type=\"widget\" data-widget_type=\"button.default\">\n\t\t\t\t<div class=\"elementor-widget-container\">\n\t\t\t\t\t\t\t\t\t<div class=\"elementor-button-wrapper\">\n\t\t\t\t\t<a class=\"elementor-button elementor-button-link elementor-size-sm elementor-animation-float\" href=\"https:\/\/sunlightcc.churchcenter.com\/registrations\/events\/1814645\">\n\t\t\t\t\t\t<span class=\"elementor-button-content-wrapper\">\n\t\t\t\t\t\t\t\t\t<span class=\"elementor-button-text\">Sign Up for Kid's Night Here<\/span>\n\t\t\t\t\t<\/span>\n\t\t\t\t\t<\/a>\n\t\t\t\t<\/div>\n\t\t\t\t\t\t\t\t<\/div>\n\t\t\t\t<\/div>\n\t\t\t\t<div class=\"elementor-element elementor-element-5493db15 elementor-widget elementor-widget-text-editor\" data-id=\"5493db15\" data-element_type=\"widget\" data-e-type=\"widget\" data-widget_type=\"text-editor.default\">\n\t\t\t\t<div class=\"elementor-widget-container\">\n\t\t\t\t\t\t\t\t\t<div class=\"wp-block-coblocks-row coblocks-row-4309482509 m-b-spacer-md\" data-columns=\"2\" data-layout=\"50-50\"><div class=\"wp-block-coblocks-row__inner has-medium-gutter has-no-padding has-no-margin is-stacked-on-mobile\"><div class=\"wp-block-coblocks-column coblocks-column-4309484903\"><div class=\"wp-block-coblocks-column__inner has-no-padding has-no-margin\"><p class=\"half-here has-custom-size\">Weeknight at Sunlight ocorre nas 2\u00aa e 4\u00aa segundas-feiras do m\u00eas, de setembro a abril. Temos tr\u00eas grupos que se re\u00fanem durante a semana no Sunlight: Pyjama Jam, GEMS Girls&#039; Club e CIA Boys&#039; Club.<\/p><\/div><\/div><\/div><\/div>\t\t\t\t\t\t\t\t<\/div>\n\t\t\t\t<\/div>\n\t\t\t\t\t<\/div>\n\t\t<\/div>\n\t\t\t\t\t<\/div>\n\t\t<\/section>\n\t\t\t\t<section class=\"elementor-section elementor-top-section elementor-element elementor-element-a1cad37 elementor-section-boxed elementor-section-height-default elementor-section-height-default\" data-id=\"a1cad37\" data-element_type=\"section\" data-e-type=\"section\">\n\t\t\t\t\t\t<div class=\"elementor-container elementor-column-gap-default\">\n\t\t\t\t\t<div class=\"elementor-column elementor-col-100 elementor-top-column elementor-element elementor-element-f8de491\" data-id=\"f8de491\" data-element_type=\"column\" data-e-type=\"column\">\n\t\t\t<div class=\"elementor-widget-wrap elementor-element-populated\">\n\t\t\t\t\t\t<div class=\"elementor-element elementor-element-b4475f5 elementor-widget elementor-widget-heading\" data-id=\"b4475f5\" data-element_type=\"widget\" data-e-type=\"widget\" data-widget_type=\"heading.default\">\n\t\t\t\t<div class=\"elementor-widget-container\">\n\t\t\t\t\t<h2 class=\"elementor-heading-title elementor-size-default\">Minist\u00e9rios de Clube para o nosso Evento &#039;Noite da Semana \u00e0 Luz Solar&#039;<\/h2>\t\t\t\t<\/div>\n\t\t\t\t<\/div>\n\t\t\t\t<div class=\"elementor-element elementor-element-870cd15 elementor-position-left elementor-vertical-align-top elementor-widget elementor-widget-image-box\" data-id=\"870cd15\" data-element_type=\"widget\" data-e-type=\"widget\" data-widget_type=\"image-box.default\">\n\t\t\t\t<div class=\"elementor-widget-container\">\n\t\t\t\t\t<div class=\"elementor-image-box-wrapper\"><figure class=\"elementor-image-box-img\"><img decoding=\"async\" width=\"1200\" height=\"675\" src=\"https:\/\/pga.sunlightchurch.com\/wp-content\/uploads\/2020\/08\/gems-logo.001.jpeg\" class=\"attachment-full size-full wp-image-2632\" alt=\"\" srcset=\"https:\/\/pga.sunlightchurch.com\/wp-content\/uploads\/2020\/08\/gems-logo.001.jpeg 1200w, https:\/\/pga.sunlightchurch.com\/wp-content\/uploads\/2020\/08\/gems-logo.001-300x169.jpeg 300w, https:\/\/pga.sunlightchurch.com\/wp-content\/uploads\/2020\/08\/gems-logo.001-1024x576.jpeg 1024w, https:\/\/pga.sunlightchurch.com\/wp-content\/uploads\/2020\/08\/gems-logo.001-768x432.jpeg 768w, https:\/\/pga.sunlightchurch.com\/wp-content\/uploads\/2020\/08\/gems-logo.001-800x450.jpeg 800w\" sizes=\"(max-width: 1200px) 100vw, 1200px\" \/><\/figure><div class=\"elementor-image-box-content\"><h3 class=\"elementor-image-box-title\">GEMS Girls Everywhere Conhecendo o Salvador<\/h3><p class=\"elementor-image-box-description\"><p>GEMS ajuda a levar as meninas a um relacionamento vivo e din\u00e2mico com Jesus Cristo. As meninas participam de estudos b\u00edblicos em pequenos grupos, adora\u00e7\u00e3o, jogos e trabalhos manuais.<\/p><p>Para meninas do 1\u00ba ao 8\u00ba ano<\/p><\/p><\/div><\/div>\t\t\t\t<\/div>\n\t\t\t\t<\/div>\n\t\t\t\t<div class=\"elementor-element elementor-element-95edc81 elementor-position-left elementor-vertical-align-top elementor-widget elementor-widget-image-box\" data-id=\"95edc81\" data-element_type=\"widget\" data-e-type=\"widget\" data-widget_type=\"image-box.default\">\n\t\t\t\t<div class=\"elementor-widget-container\">\n\t\t\t\t\t<div class=\"elementor-image-box-wrapper\"><figure class=\"elementor-image-box-img\"><img decoding=\"async\" width=\"1200\" height=\"675\" src=\"https:\/\/pga.sunlightchurch.com\/wp-content\/uploads\/2020\/04\/cia.001.jpeg\" class=\"attachment-full size-full wp-image-1303\" alt=\"\" srcset=\"https:\/\/pga.sunlightchurch.com\/wp-content\/uploads\/2020\/04\/cia.001.jpeg 1200w, https:\/\/pga.sunlightchurch.com\/wp-content\/uploads\/2020\/04\/cia.001-300x169.jpeg 300w, https:\/\/pga.sunlightchurch.com\/wp-content\/uploads\/2020\/04\/cia.001-1024x576.jpeg 1024w, https:\/\/pga.sunlightchurch.com\/wp-content\/uploads\/2020\/04\/cia.001-768x432.jpeg 768w\" sizes=\"(max-width: 1200px) 100vw, 1200px\" \/><\/figure><div class=\"elementor-image-box-content\"><h3 class=\"elementor-image-box-title\">CIA Cristo em a\u00e7\u00e3o<\/h3><p class=\"elementor-image-box-description\"><p>A miss\u00e3o da CIA \u00e9 ajudar os rapazes a conectarem-se num n\u00edvel mais profundo com Deus \u00e0 medida que se tornam homens que vivem as suas vidas em resposta apaixonada \u00e0s Boas Novas.<\/p><p>Para meninos da 1\u00aa \u00e0 8\u00aa s\u00e9rie<\/p><\/p><\/div><\/div>\t\t\t\t<\/div>\n\t\t\t\t<\/div>\n\t\t\t\t<div class=\"elementor-element elementor-element-be48992 elementor-position-left elementor-vertical-align-top elementor-widget elementor-widget-image-box\" data-id=\"be48992\" data-element_type=\"widget\" data-e-type=\"widget\" data-widget_type=\"image-box.default\">\n\t\t\t\t<div class=\"elementor-widget-container\">\n\t\t\t\t\t<div class=\"elementor-image-box-wrapper\"><figure class=\"elementor-image-box-img\"><img loading=\"lazy\" decoding=\"async\" width=\"1200\" height=\"675\" src=\"https:\/\/pga.sunlightchurch.com\/wp-content\/uploads\/2020\/08\/updatd-childrens-weeknight.002.jpeg\" class=\"attachment-full size-full wp-image-2667\" alt=\"\" srcset=\"https:\/\/pga.sunlightchurch.com\/wp-content\/uploads\/2020\/08\/updatd-childrens-weeknight.002.jpeg 1200w, https:\/\/pga.sunlightchurch.com\/wp-content\/uploads\/2020\/08\/updatd-childrens-weeknight.002-300x169.jpeg 300w, https:\/\/pga.sunlightchurch.com\/wp-content\/uploads\/2020\/08\/updatd-childrens-weeknight.002-1024x576.jpeg 1024w, https:\/\/pga.sunlightchurch.com\/wp-content\/uploads\/2020\/08\/updatd-childrens-weeknight.002-768x432.jpeg 768w, https:\/\/pga.sunlightchurch.com\/wp-content\/uploads\/2020\/08\/updatd-childrens-weeknight.002-800x450.jpeg 800w\" sizes=\"(max-width: 1200px) 100vw, 1200px\" \/><\/figure><div class=\"elementor-image-box-content\"><h3 class=\"elementor-image-box-title\">Gel\u00e9ia de pijama<\/h3><p class=\"elementor-image-box-description\"><p>Crian\u00e7as em idade pr\u00e9-escolar s\u00e3o convidadas a usar seus pijamas e se juntar a n\u00f3s em uma festa do pijama onde cantar\u00e3o, dan\u00e7ar\u00e3o e jogar\u00e3o no &#039;Weeknight at Sunlight&#039;<\/p><p>Para meninos e meninas em VPK e K<\/p><\/p><\/div><\/div>\t\t\t\t<\/div>\n\t\t\t\t<\/div>\n\t\t\t\t<div class=\"elementor-element elementor-element-71e5008 elementor-widget elementor-widget-spacer\" data-id=\"71e5008\" data-element_type=\"widget\" data-e-type=\"widget\" data-widget_type=\"spacer.default\">\n\t\t\t\t<div class=\"elementor-widget-container\">\n\t\t\t\t\t\t\t<div class=\"elementor-spacer\">\n\t\t\t<div class=\"elementor-spacer-inner\"><\/div>\n\t\t<\/div>\n\t\t\t\t\t\t<\/div>\n\t\t\t\t<\/div>\n\t\t\t\t\t<\/div>\n\t\t<\/div>\n\t\t\t\t\t<\/div>\n\t\t<\/section>\n\t\t\t\t<\/div>","protected":false},"excerpt":{"rendered":"<p>Children&#8217;s Ministries Partnering with parents to develop our children&#8217;s faith. Sunlight Kids No one will have more influence on your child than you! We believe that what happens at home [&hellip;]<\/p>\n","protected":false},"author":2,"featured_media":0,"parent":979,"menu_order":0,"comment_status":"closed","ping_status":"closed","template":"","meta":{"footnotes":""},"class_list":["post-2410","page","type-page","status-publish","hentry"],"_links":{"self":[{"href":"https:\/\/pga.sunlightchurch.com\/pt\/wp-json\/wp\/v2\/pages\/2410","targetHints":{"allow":["GET"]}}],"collection":[{"href":"https:\/\/pga.sunlightchurch.com\/pt\/wp-json\/wp\/v2\/pages"}],"about":[{"href":"https:\/\/pga.sunlightchurch.com\/pt\/wp-json\/wp\/v2\/types\/page"}],"author":[{"embeddable":true,"href":"https:\/\/pga.sunlightchurch.com\/pt\/wp-json\/wp\/v2\/users\/2"}],"replies":[{"embeddable":true,"href":"https:\/\/pga.sunlightchurch.com\/pt\/wp-json\/wp\/v2\/comments?post=2410"}],"version-history":[{"count":5,"href":"https:\/\/pga.sunlightchurch.com\/pt\/wp-json\/wp\/v2\/pages\/2410\/revisions"}],"predecessor-version":[{"id":12047,"href":"https:\/\/pga.sunlightchurch.com\/pt\/wp-json\/wp\/v2\/pages\/2410\/revisions\/12047"}],"up":[{"embeddable":true,"href":"https:\/\/pga.sunlightchurch.com\/pt\/wp-json\/wp\/v2\/pages\/979"}],"wp:attachment":[{"href":"https:\/\/pga.sunlightchurch.com\/pt\/wp-json\/wp\/v2\/media?parent=2410"}],"curies":[{"name":"wp","href":"https:\/\/api.w.org\/{rel}","templated":true}]}}